{"id":372,"date":"2015-11-13T20:39:16","date_gmt":"2015-11-13T20:39:16","guid":{"rendered":"https:\/\/www.tumomo.com\/servicios\/?page_id=372"},"modified":"2018-01-24T16:04:40","modified_gmt":"2018-01-24T16:04:40","slug":"servicios-para-particulares-2","status":"publish","type":"page","link":"https:\/\/www.tumomo.com\/servicios\/servicios-para-particulares-2\/","title":{"rendered":"Servicios para particulares"},"content":{"rendered":"<section class=\"wpb-content-wrapper\"><p>[vc_row full_width=\u00bbstretch_row\u00bb css=\u00bb.vc_custom_1445354731518{background-color: #dd3333 !important;}\u00bb][vc_column][vc_single_image image=\u00bb610&#8243; img_size=\u00bbfull\u00bb alignment=\u00bbcenter\u00bb style=\u00bbvc_box_rounded\u00bb css_animation=\u00bbappear\u00bb][vc_custom_heading text=\u00bbComienza a vender hoy mismo desde donde quieras\u00bb font_container=\u00bbtag:h2|text_align:center|color:%23ffffff\u00bb google_fonts=\u00bbfont_family:PT%20Sans%3Aregular%2Citalic%2C700%2C700italic|font_style:700%20bold%20regular%3A700%3Anormal\u00bb][vc_column_text css=\u00bb.vc_custom_1501622887145{margin-bottom: 32px !important;}\u00bb]<span style=\"color: #ffffff;\">\u00bfQui\u00e9n dijo que hay que tener una empresa para poder hacer negocios? En estos nuevos tiempos, tan solo con una computadora, puedes estar vendiendo a todo el pa\u00eds gracias a Tumomo.com. Descubre la variedad de servicios que tenemos para que puedas vender lo que quieras.<\/span>[\/vc_column_text][\/vc_column][\/vc_row][vc_row][vc_column width=\u00bb1\/3&#8243;][vc_icon type=\u00bblinecons\u00bb icon_linecons=\u00bbvc_li vc_li-megaphone\u00bb color=\u00bbwhite\u00bb background_style=\u00bbrounded\u00bb background_color=\u00bborange\u00bb size=\u00bbxl\u00bb align=\u00bbcenter\u00bb css_animation=\u00bbappear\u00bb][vc_column_text css_animation=\u00bbappear\u00bb]<\/p>\n<p style=\"text-align: center;\"><span style=\"font-family: helvetica, arial, sans-serif;\">Cuando publica en <a href=\"https:\/\/www.tumomo.com\" target=\"_blank\" rel=\"noopener\">Tumomo.com<\/a>, expones tu producto o servicio a las miles de visitas que ingresan cada d\u00eda.<\/span><\/p>\n<p>[\/vc_column_text][\/vc_column][vc_column width=\u00bb1\/3&#8243;][vc_icon type=\u00bblinecons\u00bb icon_linecons=\u00bbvc_li vc_li-world\u00bb color=\u00bbwhite\u00bb background_style=\u00bbrounded\u00bb background_color=\u00bborange\u00bb size=\u00bbxl\u00bb align=\u00bbcenter\u00bb css_animation=\u00bbappear\u00bb][vc_column_text css_animation=\u00bbappear\u00bb]<\/p>\n<p style=\"text-align: center;\"><span style=\"font-family: helvetica, arial, sans-serif;\">Gracias al poder de internet y\u00a0<a href=\"https:\/\/www.tumomo.com\" target=\"_blank\" rel=\"noopener\">Tumomo.com<\/a>, tu anuncio estar\u00e1 visible las 24 horas del dia, los 7 d\u00edas de la semana.<\/span><\/p>\n<p>[\/vc_column_text][\/vc_column][vc_column width=\u00bb1\/3&#8243;][vc_icon type=\u00bblinecons\u00bb icon_linecons=\u00bbvc_li vc_li-banknote\u00bb color=\u00bbwhite\u00bb background_style=\u00bbrounded\u00bb background_color=\u00bborange\u00bb size=\u00bbxl\u00bb align=\u00bbcenter\u00bb css_animation=\u00bbappear\u00bb][vc_column_text css_animation=\u00bbappear\u00bb]<\/p>\n<p style=\"text-align: center;\"><span style=\"font-family: helvetica, arial, sans-serif;\">Miles de personas\u00a0est\u00e1n haciendo dinero gracias a sus ventas en <a href=\"https:\/\/www.tumomo.com\" target=\"_blank\" rel=\"noopener\">Tumomo.com<\/a>,\u00a0se parte de esta gran comunidad.<\/span><\/p>\n<p>[\/vc_column_text][\/vc_column][\/vc_row][vc_row full_width=\u00bbstretch_row_content\u00bb css=\u00bb.vc_custom_1445346743891{background-color: #ffffff !important;}\u00bb][vc_column][vc_text_separator title=\u00bbSERVICIOS PARA PARTICULARES\u00bb color=\u00bborange\u00bb border_width=\u00bb7&#8243;][\/vc_column][\/vc_row][vc_row full_width=\u00bbstretch_row\u00bb css=\u00bb.vc_custom_1445374961532{margin-top: 20px !important;background-color: #ead381 !important;}\u00bb][vc_column width=\u00bb1\/3&#8243;][vc_single_image image=\u00bb381&#8243; img_size=\u00bb200&#215;200&#8243; alignment=\u00bbcenter\u00bb onclick=\u00bbcustom_link\u00bb img_link_target=\u00bb_blank\u00bb css_animation=\u00bbappear\u00bb css=\u00bb.vc_custom_1447787294766{margin-top: 20px !important;}\u00bb link=\u00bbhttps:\/\/www.tumomo.com\/servicios\/\u00bb][vc_column_text]<\/p>\n<p style=\"text-align: left;\"><span style=\"font-family: helvetica, arial, sans-serif;\"><strong>Anuncios:\u00a0<\/strong>\u00bfTienes algo para vender? \u00bfQuiz\u00e1s un auto? \u00bfO por ah\u00ed tu antiguo celular? Entonces aprovecha y publica tu anuncio en <a href=\"https:\/\/www.tumomo.com\" target=\"_blank\" rel=\"noopener\">Tumomo.com<\/a><\/span><\/p>\n<p>[\/vc_column_text][vc_single_image image=\u00bb214&#8243; img_size=\u00bb200&#215;200&#8243; alignment=\u00bbcenter\u00bb onclick=\u00bbcustom_link\u00bb img_link_target=\u00bb_blank\u00bb css_animation=\u00bbappear\u00bb css=\u00bb.vc_custom_1447685774943{padding-top: 50px !important;}\u00bb link=\u00bbhttps:\/\/www.tumomo.com\/servicios\/\u00bb][vc_column_text css=\u00bb.vc_custom_1501622926708{margin-bottom: 20px !important;}\u00bb]<\/p>\n<p style=\"text-align: left;\"><span style=\"font-family: helvetica, arial, sans-serif;\"><strong>Prioridad:\u00a0<\/strong>Tus anuncios nunca pasar\u00e1n desapercibidos con nuestro prioridad, porque siempre estar\u00e1n en la primera posici\u00f3n aumentando as\u00ed tus chances de vender m\u00e1s.<\/span><\/p>\n<p>[\/vc_column_text][\/vc_column][vc_column width=\u00bb1\/3&#8243;][vc_single_image image=\u00bb382&#8243; img_size=\u00bb200&#215;200&#8243; alignment=\u00bbcenter\u00bb onclick=\u00bbcustom_link\u00bb img_link_target=\u00bb_blank\u00bb css_animation=\u00bbappear\u00bb css=\u00bb.vc_custom_1447793794446{margin-top: 20px !important;}\u00bb link=\u00bbhttps:\/\/www.tumomo.com\/servicios\/\u00bb][vc_column_text]<\/p>\n<p style=\"text-align: left;\"><span style=\"font-family: helvetica, arial, sans-serif;\"><strong>Membres\u00edas:\u00a0<\/strong>Adquiere\u00a0una membres\u00eda\u00a0de <a href=\"https:\/\/www.tumomo.com\" target=\"_blank\" rel=\"noopener\">Tumomo.com<\/a> y ahorra tiempo y dinero.<\/span><\/p>\n<p>[\/vc_column_text][vc_single_image image=\u00bb384&#8243; img_size=\u00bb200&#215;200&#8243; alignment=\u00bbcenter\u00bb onclick=\u00bbcustom_link\u00bb img_link_target=\u00bb_blank\u00bb css_animation=\u00bbappear\u00bb css=\u00bb.vc_custom_1449782322043{padding-top: 70px !important;}\u00bb link=\u00bbhttps:\/\/www.tumomo.com\/servicios\/\u00bb][vc_column_text css=\u00bb.vc_custom_1501622933590{margin-bottom: 20px !important;}\u00bb]<\/p>\n<p style=\"text-align: left;\"><span style=\"font-family: helvetica, arial, sans-serif;\"><strong>Resalta tu anuncio:\u00a0<\/strong>Haz que tu anuncio sea mucho m\u00e1s llamativo gracias a nuestras opciones de \u00abresalte\u00bb y aumentas las posibilidades de que sea visto.<\/span><\/p>\n<p>[\/vc_column_text][\/vc_column][\/vc_row]<\/p>\n<\/section>","protected":false},"excerpt":{"rendered":"<p>[vc_row full_width=\u00bbstretch_row\u00bb css=\u00bb.vc_custom_1445354731518{background-color: #dd3333 !important;}\u00bb][vc_column][vc_single_image image=\u00bb610&#8243; img_size=\u00bbfull\u00bb alignment=\u00bbcenter\u00bb style=\u00bbvc_box_rounded\u00bb css_animation=\u00bbappear\u00bb][vc_custom_heading text=\u00bbComienza a vender hoy mismo desde donde quieras\u00bb font_container=\u00bbtag:h2|text_align:center|color:%23ffffff\u00bb google_fonts=\u00bbfont_family:PT%20Sans%3Aregular%2Citalic%2C700%2C700italic|font_style:700%20bold%20regular%3A700%3Anormal\u00bb][vc_column_text css=\u00bb.vc_custom_1501622887145{margin-bottom: 32px !important;}\u00bb]\u00bfQui\u00e9n dijo que hay que tener una empresa para poder hacer negocios? En estos nuevos tiempos, tan solo con una computadora, puedes estar vendiendo a todo el pa\u00eds gracias a Tumomo.com. Descubre la [&hellip;]<\/p>\n","protected":false},"author":1,"featured_media":0,"parent":0,"menu_order":0,"comment_status":"closed","ping_status":"closed","template":"","meta":{"footnotes":""},"_links":{"self":[{"href":"https:\/\/www.tumomo.com\/servicios\/wp-json\/wp\/v2\/pages\/372"}],"collection":[{"href":"https:\/\/www.tumomo.com\/servicios\/wp-json\/wp\/v2\/pages"}],"about":[{"href":"https:\/\/www.tumomo.com\/servicios\/wp-json\/wp\/v2\/types\/page"}],"author":[{"embeddable":true,"href":"https:\/\/www.tumomo.com\/servicios\/wp-json\/wp\/v2\/users\/1"}],"replies":[{"embeddable":true,"href":"https:\/\/www.tumomo.com\/servicios\/wp-json\/wp\/v2\/comments?post=372"}],"version-history":[{"count":35,"href":"https:\/\/www.tumomo.com\/servicios\/wp-json\/wp\/v2\/pages\/372\/revisions"}],"predecessor-version":[{"id":409,"href":"https:\/\/www.tumomo.com\/servicios\/wp-json\/wp\/v2\/pages\/372\/revisions\/409"}],"wp:attachment":[{"href":"https:\/\/www.tumomo.com\/servicios\/wp-json\/wp\/v2\/media?parent=372"}],"curies":[{"name":"wp","href":"https:\/\/api.w.org\/{rel}","templated":true}]}}