{"id":261,"date":"2015-10-23T14:05:50","date_gmt":"2015-10-23T14:05:50","guid":{"rendered":"https:\/\/www.tumomo.com\/servicios\/?page_id=261"},"modified":"2016-04-04T20:41:16","modified_gmt":"2016-04-04T20:41:16","slug":"tiendas-virtuales","status":"publish","type":"page","link":"https:\/\/www.tumomo.com\/servicios\/servicios-para-empresas-2\/tiendas-virtuales\/","title":{"rendered":"Tiendas Virtuales"},"content":{"rendered":"<section class=\"wpb-content-wrapper\"><p>[vc_row full_width=\u00bbstretch_row_content\u00bb css=\u00bb.vc_custom_1449751302725{background-color: #dd3333 !important;}\u00bb][vc_column][vc_single_image image=\u00bb710&#8243; img_size=\u00bbfull\u00bb alignment=\u00bbcenter\u00bb style=\u00bbvc_box_rounded\u00bb css_animation=\u00bbappear\u00bb][\/vc_column][\/vc_row][vc_row][vc_column][vc_custom_heading text=\u00bbTU PROPIA OFICINA 24\/7&#8243; font_container=\u00bbtag:h2|font_size:60|text_align:center|color:%23dd3333|line_height:1&#8243; google_fonts=\u00bbfont_family:Cabin%3Aregular%2Citalic%2C500%2C500italic%2C600%2C600italic%2C700%2C700italic|font_style:700%20bold%20regular%3A700%3Anormal\u00bb][\/vc_column][\/vc_row][vc_row][vc_column][vc_column_text]<\/p>\n<p style=\"text-align: justify;\"><span style=\"font-family: helvetica, arial, sans-serif;\"><em><strong>\u00bfTe gustar\u00eda poder estar vendiendo las 24 horas del d\u00eda, los 7 de la semana y durante todo el a\u00f1o?<\/strong> <\/em>Hoy en d\u00eda gracias a <a href=\"https:\/\/www.tumomo.com\">TuMomo.com<\/a> y a nuestras Tiendas Virtuales esto es posible.<\/span><\/p>\n<p style=\"text-align: justify;\"><span style=\"font-family: helvetica, arial, sans-serif;\">Te presentamos las\u00a0<strong>Tiendas Virtuales<\/strong> un espacio donde podr\u00e1s mostrar todos los productos que tengas como si fuese una vitrina digital que le mostrar\u00e1 a todo el mundo lo que tienes para ofrecer. Cada anuncio que cargues en tu Tienda Virtual aparecer\u00e1 tambi\u00e9n en los resultados de <a href=\"https:\/\/www.tumomo.com\" target=\"_blank\">TuMomo.com<\/a>, ampliando as\u00ed la exposici\u00f3n de tus productos.<\/span><\/p>\n<p>[\/vc_column_text][\/vc_column][\/vc_row][vc_row][vc_column][vc_custom_heading text=\u00bbBeneficios de una Tienda Virtual\u00bb font_container=\u00bbtag:h2|font_size:40|text_align:center|color:%23dd3333|line_height:1&#8243; google_fonts=\u00bbfont_family:Cabin%3Aregular%2Citalic%2C500%2C500italic%2C600%2C600italic%2C700%2C700italic|font_style:700%20bold%20regular%3A700%3Anormal\u00bb][\/vc_column][\/vc_row][vc_row][vc_column width=\u00bb1\/2&#8243;][vc_single_image image=\u00bb511&#8243; img_size=\u00bb400&#215;400&#8243; alignment=\u00bbcenter\u00bb onclick=\u00bblink_image\u00bb css_animation=\u00bbleft-to-right\u00bb][\/vc_column][vc_column width=\u00bb1\/2&#8243;][vc_empty_space][vc_custom_heading text=\u00bbAdaptables a cualquier dispositivo\u00bb font_container=\u00bbtag:h2|text_align:left|color:%23dd3333&#8243; google_fonts=\u00bbfont_family:Roboto%3A100%2C100italic%2C300%2C300italic%2Cregular%2Citalic%2C500%2C500italic%2C700%2C700italic%2C900%2C900italic|font_style:500%20bold%20regular%3A500%3Anormal\u00bb][vc_column_text css_animation=\u00bbappear\u00bb]<\/p>\n<p style=\"text-align: justify;\"><span style=\"color: #000000;\">Tu Tienda Virtual de <a href=\"https:\/\/www.tumomo.com\" target=\"_blank\">TuMomo.com<\/a> se adapta a cualquier dispositivo sin importar si es una computadora, una tablet o un smartphone.\u00a0Nuestras tiendas est\u00e1n dise\u00f1adas, para que siempre puedan ser vistas sin importar desde d\u00f3nde.<\/span><\/p>\n<p>[\/vc_column_text][\/vc_column][\/vc_row][vc_row][vc_column width=\u00bb1\/2&#8243;][vc_single_image image=\u00bb512&#8243; img_size=\u00bb400&#215;400&#8243; alignment=\u00bbcenter\u00bb onclick=\u00bblink_image\u00bb css_animation=\u00bbleft-to-right\u00bb][\/vc_column][vc_column width=\u00bb1\/2&#8243;][vc_empty_space][vc_custom_heading text=\u00bbElige el estilo de tu Tienda Virtual\u00bb font_container=\u00bbtag:h2|text_align:left|color:%23dd3333&#8243; google_fonts=\u00bbfont_family:Roboto%3A100%2C100italic%2C300%2C300italic%2Cregular%2Citalic%2C500%2C500italic%2C700%2C700italic%2C900%2C900italic|font_style:500%20bold%20regular%3A500%3Anormal\u00bb][vc_column_text css_animation=\u00bbappear\u00bb]<\/p>\n<p style=\"text-align: justify;\"><span style=\"color: #000000;\">Elige entre nuestras opciones de plantillas para darle a tu Tienda Virtual ese toque \u00fanico y especial. Cada plantilla cambia radicalmente la forma en que una tienda se muestra al p\u00fablico, as\u00ed que encuentra tu estilo.<\/span><\/p>\n<p>[\/vc_column_text][\/vc_column][\/vc_row][vc_row][vc_column width=\u00bb1\/2&#8243;][vc_single_image image=\u00bb513&#8243; img_size=\u00bb400&#215;400&#8243; alignment=\u00bbcenter\u00bb onclick=\u00bblink_image\u00bb css_animation=\u00bbleft-to-right\u00bb][\/vc_column][vc_column width=\u00bb1\/2&#8243;][vc_empty_space][vc_custom_heading text=\u00bbProductos con lujo de detalles\u00bb font_container=\u00bbtag:h2|text_align:left|color:%23dd3333&#8243; google_fonts=\u00bbfont_family:Roboto%3A100%2C100italic%2C300%2C300italic%2Cregular%2Citalic%2C500%2C500italic%2C700%2C700italic%2C900%2C900italic|font_style:500%20bold%20regular%3A500%3Anormal\u00bb][vc_column_text css_animation=\u00bbappear\u00bb]<\/p>\n<p style=\"text-align: justify;\"><span style=\"color: #000000;\">Describe tus productos hasta el m\u00e1s m\u00ednimo detalle aprovechando las funciones de tu Tienda Virtual. Podr\u00e1s subir fotograf\u00edas, mostrar el precio por producto e inclusive poner una descripci\u00f3n del mismo.<\/span><\/p>\n<p>[\/vc_column_text][\/vc_column][\/vc_row][vc_row][vc_column width=\u00bb1\/2&#8243;][vc_single_image image=\u00bb514&#8243; img_size=\u00bb400&#215;400&#8243; alignment=\u00bbcenter\u00bb onclick=\u00bblink_image\u00bb css_animation=\u00bbleft-to-right\u00bb][\/vc_column][vc_column width=\u00bb1\/2&#8243;][vc_empty_space][vc_custom_heading text=\u00bbDoble exposici\u00f3n\u00bb font_container=\u00bbtag:h2|text_align:left|color:%23dd3333&#8243; google_fonts=\u00bbfont_family:Roboto%3A100%2C100italic%2C300%2C300italic%2Cregular%2Citalic%2C500%2C500italic%2C700%2C700italic%2C900%2C900italic|font_style:500%20bold%20regular%3A500%3Anormal\u00bb][vc_column_text css_animation=\u00bbappear\u00bb]<\/p>\n<p style=\"text-align: justify;\"><span style=\"color: #000000;\">Todos los productos que subas a tu Tienda Virtual aparecer\u00e1n en la misma, pero tambi\u00e9n el los resultados de b\u00fasqueda de <a href=\"https:\/\/www.tumomo.com\" target=\"_blank\">TuMomo.com<\/a>. De esta forma obtienes una doble exposici\u00f3n de tus productos.<\/span><\/p>\n<p>[\/vc_column_text][\/vc_column][\/vc_row][vc_row][vc_column width=\u00bb1\/2&#8243;][vc_single_image image=\u00bb515&#8243; img_size=\u00bb400&#215;400&#8243; alignment=\u00bbcenter\u00bb onclick=\u00bblink_image\u00bb css_animation=\u00bbleft-to-right\u00bb][\/vc_column][vc_column width=\u00bb1\/2&#8243;][vc_empty_space][vc_custom_heading text=\u00bbEspacio exclusivo para Tiendas Virtuales\u00bb font_container=\u00bbtag:h2|text_align:left|color:%23dd3333&#8243; google_fonts=\u00bbfont_family:Roboto%3A100%2C100italic%2C300%2C300italic%2Cregular%2Citalic%2C500%2C500italic%2C700%2C700italic%2C900%2C900italic|font_style:500%20bold%20regular%3A500%3Anormal\u00bb][vc_column_text css_animation=\u00bbappear\u00bb]<\/p>\n<p style=\"text-align: justify;\"><span style=\"color: #000000;\">Las Tiendas Virtuales son tan importantes para nosotros que hemos creado un espacio exclusivo para las mismas que se accede mediante el men\u00fa principal. En nuestro men\u00fa est\u00e1n las categor\u00edas de tiendas como as\u00ed tambi\u00e9n los \u00faltimos productos y tiendas que se incorporaron a <a href=\"https:\/\/www.tumomo.com\" target=\"_blank\">TuMomo.com<\/a><\/span><\/p>\n<p>[\/vc_column_text][\/vc_column][\/vc_row][vc_row][vc_column][vc_text_separator title=\u00bbConoce algunas de nuestras Tiendas\u00bb color=\u00bbjuicy_pink\u00bb border_width=\u00bb3&#8243;][\/vc_column][\/vc_row][vc_row][vc_column width=\u00bb1\/4&#8243;][vc_single_image image=\u00bb286&#8243; img_size=\u00bb150&#215;150&#8243; alignment=\u00bbcenter\u00bb onclick=\u00bbcustom_link\u00bb img_link_target=\u00bb_blank\u00bb css_animation=\u00bbappear\u00bb link=\u00bbhttps:\/\/www.tumomo.com\/tiendas-autos-y-partes-tc1.html\u00bb][vc_custom_heading text=\u00bbAUTOS Y PARTES\u00bb font_container=\u00bbtag:p|font_size:15|text_align:center|color:%23dd3333|line_height:1&#8243; google_fonts=\u00bbfont_family:Cabin%3Aregular%2Citalic%2C500%2C500italic%2C600%2C600italic%2C700%2C700italic|font_style:500%20bold%20regular%3A500%3Anormal\u00bb link=\u00bburl:https%3A%2F%2Fwww.tumomo.com%2Findex.php%3Fpage%3Dhmall2%26c%3D1||target:%20_blank\u00bb][\/vc_column][vc_column width=\u00bb1\/4&#8243;][vc_single_image image=\u00bb287&#8243; img_size=\u00bb150&#215;150&#8243; alignment=\u00bbcenter\u00bb onclick=\u00bbcustom_link\u00bb img_link_target=\u00bb_blank\u00bb css_animation=\u00bbappear\u00bb link=\u00bbhttps:\/\/www.tumomo.com\/tiendas-bienes-raices-tc2.html\u00bb][vc_custom_heading text=\u00bbBIENES RA\u00cdCES\u00bb font_container=\u00bbtag:p|font_size:15|text_align:center|color:%23dd3333|line_height:1&#8243; google_fonts=\u00bbfont_family:Cabin%3Aregular%2Citalic%2C500%2C500italic%2C600%2C600italic%2C700%2C700italic|font_style:500%20bold%20regular%3A500%3Anormal\u00bb link=\u00bburl:https%3A%2F%2Fwww.tumomo.com%2Findex.php%3Fpage%3Dhmall2%26c%3D2||target:%20_blank\u00bb][\/vc_column][vc_column width=\u00bb1\/4&#8243;][vc_single_image image=\u00bb288&#8243; img_size=\u00bb150&#215;150&#8243; alignment=\u00bbcenter\u00bb onclick=\u00bbcustom_link\u00bb img_link_target=\u00bb_blank\u00bb css_animation=\u00bbappear\u00bb link=\u00bbhttps:\/\/www.tumomo.com\/tiendas-electrodomesticos-tc11.html\u00bb][vc_custom_heading text=\u00bbELECTRODOM\u00c9STICOS\u00bb font_container=\u00bbtag:p|font_size:15|text_align:center|color:%23dd3333|line_height:1&#8243; google_fonts=\u00bbfont_family:Cabin%3Aregular%2Citalic%2C500%2C500italic%2C600%2C600italic%2C700%2C700italic|font_style:500%20bold%20regular%3A500%3Anormal\u00bb link=\u00bburl:https%3A%2F%2Fwww.tumomo.com%2Findex.php%3Fpage%3Dhmall2%26c%3D11||target:%20_blank\u00bb][\/vc_column][vc_column width=\u00bb1\/4&#8243;][vc_single_image image=\u00bb291&#8243; img_size=\u00bb150&#215;150&#8243; alignment=\u00bbcenter\u00bb onclick=\u00bbcustom_link\u00bb img_link_target=\u00bb_blank\u00bb css_animation=\u00bbappear\u00bb link=\u00bbhttps:\/\/www.tumomo.com\/tiendas-tecnologia-tc3.html\u00bb][vc_custom_heading text=\u00bbTECNOLOG\u00cdA\u00bb font_container=\u00bbtag:p|font_size:15|text_align:center|color:%23dd3333|line_height:1&#8243; google_fonts=\u00bbfont_family:Cabin%3Aregular%2Citalic%2C500%2C500italic%2C600%2C600italic%2C700%2C700italic|font_style:500%20bold%20regular%3A500%3Anormal\u00bb link=\u00bburl:https%3A%2F%2Fwww.tumomo.com%2Findex.php%3Fpage%3Dhmall2%26c%3D3||target:%20_blank\u00bb][\/vc_column][\/vc_row][vc_row full_width=\u00bbstretch_row\u00bb css=\u00bb.vc_custom_1445613967757{background-color: #bcbcbc !important;}\u00bb][vc_column width=\u00bb1\/3&#8243;][\/vc_column][vc_column width=\u00bb1\/3&#8243;][vc_custom_heading text=\u00bbSolicita tu Tienda Virtual\u00bb font_container=\u00bbtag:h2|font_size:30|text_align:center|color:%23ffffff|line_height:1&#8243; google_fonts=\u00bbfont_family:Cabin%3Aregular%2Citalic%2C500%2C500italic%2C600%2C600italic%2C700%2C700italic|font_style:600%20bold%20regular%3A600%3Anormal\u00bb]\n<div class=\"wpcf7 no-js\" id=\"wpcf7-f282-o1\" lang=\"es-ES\" dir=\"ltr\">\n<div class=\"screen-reader-response\"><p role=\"status\" aria-live=\"polite\" aria-atomic=\"true\"><\/p> <ul><\/ul><\/div>\n<form action=\"\/servicios\/wp-json\/wp\/v2\/pages\/261#wpcf7-f282-o1\" method=\"post\" class=\"wpcf7-form init\" aria-label=\"Formulario de contacto\" novalidate=\"novalidate\" data-status=\"init\">\n<div style=\"display: none;\">\n<input type=\"hidden\" name=\"_wpcf7\" value=\"282\" \/>\n<input type=\"hidden\" name=\"_wpcf7_version\" value=\"5.8.1\" \/>\n<input type=\"hidden\" name=\"_wpcf7_locale\" value=\"es_ES\" \/>\n<input type=\"hidden\" name=\"_wpcf7_unit_tag\" value=\"wpcf7-f282-o1\" \/>\n<input type=\"hidden\" name=\"_wpcf7_container_post\" value=\"0\" \/>\n<input type=\"hidden\" name=\"_wpcf7_posted_data_hash\" value=\"\" \/>\n<\/div>\n<p>Nombre (requerido)\n<\/p>\n<p><span class=\"wpcf7-form-control-wrap\" data-name=\"your-name\"><input size=\"40\" class=\"wpcf7-form-control wpcf7-text wpcf7-validates-as-required\" aria-required=\"true\" aria-invalid=\"false\" value=\"\" type=\"text\" name=\"your-name\" \/><\/span>\n<\/p>\n<p>Apellido (requerido)\n<\/p>\n<p><span class=\"wpcf7-form-control-wrap\" data-name=\"Apellido\"><input size=\"40\" class=\"wpcf7-form-control wpcf7-text wpcf7-validates-as-required\" aria-required=\"true\" aria-invalid=\"false\" value=\"\" type=\"text\" name=\"Apellido\" \/><\/span>\n<\/p>\n<p>Tel\u00e9fono (requerido)\n<\/p>\n<p><span class=\"wpcf7-form-control-wrap\" data-name=\"Telefono\"><input size=\"40\" class=\"wpcf7-form-control wpcf7-tel wpcf7-text wpcf7-validates-as-tel\" aria-invalid=\"false\" value=\"\" type=\"tel\" name=\"Telefono\" \/><\/span>\n<\/p>\n<p>Correo electr\u00f3nico (requerido)\n<\/p>\n<p><span class=\"wpcf7-form-control-wrap\" data-name=\"your-email\"><input size=\"40\" class=\"wpcf7-form-control wpcf7-email wpcf7-validates-as-required wpcf7-text wpcf7-validates-as-email\" aria-required=\"true\" aria-invalid=\"false\" value=\"\" type=\"email\" name=\"your-email\" \/><\/span>\n<\/p>\n<p>Mensaje\n<\/p>\n<p><span class=\"wpcf7-form-control-wrap\" data-name=\"your-message\"><textarea cols=\"40\" rows=\"10\" class=\"wpcf7-form-control wpcf7-textarea\" aria-invalid=\"false\" name=\"your-message\"><\/textarea><\/span>\n<\/p>\n<center>\n\t<p><input class=\"wpcf7-form-control wpcf7-submit has-spinner\" type=\"submit\" value=\"Enviar\" \/>\n\t<\/p>\n<\/center><input type='hidden' class='wpcf7-pum' value='{\"closepopup\":false,\"closedelay\":0,\"openpopup\":false,\"openpopup_id\":0}' \/><div class=\"wpcf7-response-output\" aria-hidden=\"true\"><\/div>\n<\/form>\n<\/div>\n[\/vc_column][vc_column width=\u00bb1\/3&#8243;][\/vc_column][\/vc_row]<\/p>\n<\/section>","protected":false},"excerpt":{"rendered":"<p>[vc_row full_width=\u00bbstretch_row_content\u00bb css=\u00bb.vc_custom_1449751302725{background-color: #dd3333 !important;}\u00bb][vc_column][vc_single_image image=\u00bb710&#8243; img_size=\u00bbfull\u00bb alignment=\u00bbcenter\u00bb style=\u00bbvc_box_rounded\u00bb css_animation=\u00bbappear\u00bb][\/vc_column][\/vc_row][vc_row][vc_column][vc_custom_heading text=\u00bbTU PROPIA OFICINA 24\/7&#8243; font_container=\u00bbtag:h2|font_size:60|text_align:center|color:%23dd3333|line_height:1&#8243; google_fonts=\u00bbfont_family:Cabin%3Aregular%2Citalic%2C500%2C500italic%2C600%2C600italic%2C700%2C700italic|font_style:700%20bold%20regular%3A700%3Anormal\u00bb][\/vc_column][\/vc_row][vc_row][vc_column][vc_column_text] \u00bfTe gustar\u00eda poder estar vendiendo las 24 horas del d\u00eda, los 7 de la semana y durante todo el a\u00f1o? Hoy en d\u00eda gracias a TuMomo.com y a nuestras Tiendas Virtuales esto es posible. Te presentamos las\u00a0Tiendas Virtuales un [&hellip;]<\/p>\n","protected":false},"author":1,"featured_media":0,"parent":185,"menu_order":0,"comment_status":"closed","ping_status":"closed","template":"","meta":{"footnotes":""},"_links":{"self":[{"href":"https:\/\/www.tumomo.com\/servicios\/wp-json\/wp\/v2\/pages\/261"}],"collection":[{"href":"https:\/\/www.tumomo.com\/servicios\/wp-json\/wp\/v2\/pages"}],"about":[{"href":"https:\/\/www.tumomo.com\/servicios\/wp-json\/wp\/v2\/types\/page"}],"author":[{"embeddable":true,"href":"https:\/\/www.tumomo.com\/servicios\/wp-json\/wp\/v2\/users\/1"}],"replies":[{"embeddable":true,"href":"https:\/\/www.tumomo.com\/servicios\/wp-json\/wp\/v2\/comments?post=261"}],"version-history":[{"count":23,"href":"https:\/\/www.tumomo.com\/servicios\/wp-json\/wp\/v2\/pages\/261\/revisions"}],"predecessor-version":[{"id":711,"href":"https:\/\/www.tumomo.com\/servicios\/wp-json\/wp\/v2\/pages\/261\/revisions\/711"}],"up":[{"embeddable":true,"href":"https:\/\/www.tumomo.com\/servicios\/wp-json\/wp\/v2\/pages\/185"}],"wp:attachment":[{"href":"https:\/\/www.tumomo.com\/servicios\/wp-json\/wp\/v2\/media?parent=261"}],"curies":[{"name":"wp","href":"https:\/\/api.w.org\/{rel}","templated":true}]}}