{"id":1897,"date":"2019-02-21T21:30:34","date_gmt":"2019-02-21T21:30:34","guid":{"rendered":"https:\/\/www.tumomo.com\/servicios\/?page_id=1897"},"modified":"2021-01-15T20:19:20","modified_gmt":"2021-01-15T20:19:20","slug":"destacados","status":"publish","type":"page","link":"https:\/\/www.tumomo.com\/servicios\/destacados\/","title":{"rendered":"Destacados"},"content":{"rendered":"<section class=\"wpb-content-wrapper\"><p>[vc_row][vc_column][vc_single_image image=\u00bb1905&#8243; img_size=\u00bb1300&#215;482&#8243;][\/vc_column][\/vc_row][vc_row][vc_column width=\u00bb2\/3&#8243;][vc_custom_heading text=\u00bbDestacado en la p\u00e1gina principal de Tumomo\u00bb google_fonts=\u00bbfont_family:Arimo%3Aregular%2Citalic%2C700%2C700italic|font_style:700%20bold%20regular%3A700%3Anormal\u00bb][vc_column_text]<span style=\"font-size: 18pt;\">El espacio superior en la p\u00e1gina principal de una Web es todo un privilegio; tu producto ser\u00e1 visto diariamente por miles de posibles compradores.<\/span>[\/vc_column_text][\/vc_column][vc_column width=\u00bb1\/3&#8243;][vc_single_image image=\u00bb2274&#8243; img_size=\u00bb390&#215;501&#8243;][\/vc_column][\/vc_row][vc_row][vc_column width=\u00bb1\/4&#8243;][vc_single_image image=\u00bb2276&#8243; img_size=\u00bb390&#215;501&#8243;][\/vc_column][vc_column width=\u00bb3\/4&#8243;][vc_custom_heading text=\u00bbDestacado en p\u00e1gina por categor\u00edas\u00bb google_fonts=\u00bbfont_family:Arimo%3Aregular%2Citalic%2C700%2C700italic|font_style:700%20bold%20regular%3A700%3Anormal\u00bb][vc_column_text]<span style=\"font-size: 18pt;\">Al ser las p\u00e1ginas con m\u00e1s tiempo de duraci\u00f3n por cada visita, destacar tu anuncio en el espacio superior, sin dudas que incrementar\u00e1 tus opciones de venta.<\/span>[\/vc_column_text][\/vc_column][\/vc_row][vc_row][vc_column width=\u00bb2\/3&#8243;][vc_custom_heading text=\u00bbDestacado en Combo\u00bb google_fonts=\u00bbfont_family:Arimo%3Aregular%2Citalic%2C700%2C700italic|font_style:700%20bold%20regular%3A700%3Anormal\u00bb css_animation=\u00bbappear\u00bb][vc_column_text]<span style=\"font-size: 18pt;\">Opci\u00f3n muy popular entre los vendedores. Al destacar en la p\u00e1gina principal y en la categor\u00eda correspondiente \u00a1te aseguras la oportunidad!!<\/span>[\/vc_column_text][\/vc_column][vc_column width=\u00bb1\/3&#8243;][vc_single_image image=\u00bb2278&#8243; img_size=\u00bb390&#215;501&#8243;][\/vc_column][\/vc_row][vc_row][vc_column][vc_text_separator title=\u00bb\u00bfC\u00f3mo proceder para realizar la compra del espacio \u201cDestacado\u201d?\u00bb border_width=\u00bb3&#8243;][\/vc_column][\/vc_row][vc_row][vc_column][vc_column_text]<\/p>\n<p style=\"text-align: center;\"><span style=\"font-size: 18pt;\">Listo, ya conoces los destacados y sus ventajas. Elije uno de ellos o directamente el Combo.<\/span><\/p>\n<p>[\/vc_column_text][\/vc_column][\/vc_row][vc_row][vc_column][vc_custom_heading text=\u00bbMejora tu anuncio\u00bb google_fonts=\u00bbfont_family:Arimo%3Aregular%2Citalic%2C700%2C700italic|font_style:700%20bold%20regular%3A700%3Anormal\u00bb css_animation=\u00bbright-to-left\u00bb][\/vc_column][\/vc_row][vc_row][vc_column][vc_single_image image=\u00bb2280&#8243; img_size=\u00bb1093&#215;585&#8243;][\/vc_column][\/vc_row][vc_row][vc_column][vc_column_text]<span style=\"font-size: 18pt;\">Ingresa a tu cuenta en Tumomo y ve al listado de tus anuncios, busca el anuncio que deseas destacar y haz clic en acciones \u201cMejorar anuncio\u201d.<\/span>[\/vc_column_text][\/vc_column][\/vc_row][vc_row][vc_column][vc_custom_heading text=\u00bbElije tu Destacado\u00bb font_container=\u00bbtag:h2|text_align:center\u00bb google_fonts=\u00bbfont_family:Arimo%3Aregular%2Citalic%2C700%2C700italic|font_style:700%20bold%20regular%3A700%3Anormal\u00bb css_animation=\u00bbright-to-left\u00bb][\/vc_column][\/vc_row][vc_row][vc_column][vc_single_image image=\u00bb2282&#8243; img_size=\u00bb745X484&#8243; alignment=\u00bbcenter\u00bb][vc_column_text]<\/p>\n<p style=\"text-align: center;\"><span style=\"font-size: 18pt;\">En la siguiente pantalla debes seleccionar que tipo de destacados deseas para tu anuncio, puedes seleccionar cualquier destacado, <strong>RECUERDA QUE EL DESTACADO TIENE UNA DURACI\u00d3N DE 7 D\u00cdAS.<\/strong><\/span><\/p>\n<p>[\/vc_column_text][\/vc_column][\/vc_row][vc_row][vc_column][vc_custom_heading text=\u00bbElije el m\u00e9todo de pago\u00bb google_fonts=\u00bbfont_family:Arimo%3Aregular%2Citalic%2C700%2C700italic|font_style:700%20bold%20regular%3A700%3Anormal\u00bb css_animation=\u00bbappear\u00bb][vc_column_text]<span style=\"font-size: 18pt;\">Al final de la p\u00e1gina no olvides seleccionar la forma de pago de tu anuncio destacado.<\/span>[\/vc_column_text][vc_single_image image=\u00bb1925&#8243; img_size=\u00bb919&#215;528&#8243;][\/vc_column][\/vc_row][vc_row][vc_column][vc_custom_heading text=\u00bbPago del servicio.\u00bb google_fonts=\u00bbfont_family:Arimo%3Aregular%2Citalic%2C700%2C700italic|font_style:700%20bold%20regular%3A700%3Anormal\u00bb css_animation=\u00bbappear\u00bb][\/vc_column][\/vc_row][vc_row][vc_column width=\u00bb1\/2&#8243;][vc_single_image image=\u00bb2284&#8243; img_size=\u00bb618&#215;386&#8243;][\/vc_column][vc_column width=\u00bb1\/2&#8243;][vc_column_text]<span style=\"font-size: 18pt;\">Con el c\u00f3digo de recaudaci\u00f3n que te proporcione el sistema puedes pagar en cualquiera de nuestros puntos de pagos.<\/span>[\/vc_column_text][vc_column_text]<span style=\"font-size: 18pt;\"><em><strong>Recuerda que luego de cancelar el pago, el anuncio ser\u00e1 revisado y aprobado por nuestro personal. \u00a0<\/strong><\/em><\/span>[\/vc_column_text][\/vc_column][\/vc_row][vc_row][vc_column][vc_btn title=\u00bbIR A MIS ANUNCIOS\u00bb color=\u00bbwarning\u00bb align=\u00bbcenter\u00bb link=\u00bburl:https%3A%2F%2Fwww.tumomo.com%2F%3Fpage%3Daccount%23_%3D_|||\u00bb][\/vc_column][\/vc_row]<\/p>\n<\/section>","protected":false},"excerpt":{"rendered":"<p>[vc_row][vc_column][vc_single_image image=\u00bb1905&#8243; img_size=\u00bb1300&#215;482&#8243;][\/vc_column][\/vc_row][vc_row][vc_column width=\u00bb2\/3&#8243;][vc_custom_heading text=\u00bbDestacado en la p\u00e1gina principal de Tumomo\u00bb google_fonts=\u00bbfont_family:Arimo%3Aregular%2Citalic%2C700%2C700italic|font_style:700%20bold%20regular%3A700%3Anormal\u00bb][vc_column_text]El espacio superior en la p\u00e1gina principal de una Web es todo un privilegio; tu producto ser\u00e1 visto diariamente por miles de posibles compradores.[\/vc_column_text][\/vc_column][vc_column width=\u00bb1\/3&#8243;][vc_single_image image=\u00bb2274&#8243; img_size=\u00bb390&#215;501&#8243;][\/vc_column][\/vc_row][vc_row][vc_column width=\u00bb1\/4&#8243;][vc_single_image image=\u00bb2276&#8243; img_size=\u00bb390&#215;501&#8243;][\/vc_column][vc_column width=\u00bb3\/4&#8243;][vc_custom_heading text=\u00bbDestacado en p\u00e1gina por categor\u00edas\u00bb google_fonts=\u00bbfont_family:Arimo%3Aregular%2Citalic%2C700%2C700italic|font_style:700%20bold%20regular%3A700%3Anormal\u00bb][vc_column_text]Al ser las p\u00e1ginas con m\u00e1s tiempo de [&hellip;]<\/p>\n","protected":false},"author":1,"featured_media":0,"parent":0,"menu_order":0,"comment_status":"closed","ping_status":"closed","template":"","meta":{"footnotes":""},"_links":{"self":[{"href":"https:\/\/www.tumomo.com\/servicios\/wp-json\/wp\/v2\/pages\/1897"}],"collection":[{"href":"https:\/\/www.tumomo.com\/servicios\/wp-json\/wp\/v2\/pages"}],"about":[{"href":"https:\/\/www.tumomo.com\/servicios\/wp-json\/wp\/v2\/types\/page"}],"author":[{"embeddable":true,"href":"https:\/\/www.tumomo.com\/servicios\/wp-json\/wp\/v2\/users\/1"}],"replies":[{"embeddable":true,"href":"https:\/\/www.tumomo.com\/servicios\/wp-json\/wp\/v2\/comments?post=1897"}],"version-history":[{"count":32,"href":"https:\/\/www.tumomo.com\/servicios\/wp-json\/wp\/v2\/pages\/1897\/revisions"}],"predecessor-version":[{"id":2285,"href":"https:\/\/www.tumomo.com\/servicios\/wp-json\/wp\/v2\/pages\/1897\/revisions\/2285"}],"wp:attachment":[{"href":"https:\/\/www.tumomo.com\/servicios\/wp-json\/wp\/v2\/media?parent=1897"}],"curies":[{"name":"wp","href":"https:\/\/api.w.org\/{rel}","templated":true}]}}