{"id":185,"date":"2015-10-19T13:19:50","date_gmt":"2015-10-19T13:19:50","guid":{"rendered":"https:\/\/www.tumomo.com\/servicio\/?page_id=185"},"modified":"2018-01-24T16:12:13","modified_gmt":"2018-01-24T16:12:13","slug":"servicios-para-empresas-2","status":"publish","type":"page","link":"https:\/\/www.tumomo.com\/servicios\/servicios-para-empresas-2\/","title":{"rendered":"Servicios para empresas"},"content":{"rendered":"<section class=\"wpb-content-wrapper\"><p>[vc_row full_width=\u00bbstretch_row\u00bb css=\u00bb.vc_custom_1445354731518{background-color: #dd3333 !important;}\u00bb][vc_column][vc_single_image image=\u00bb892&#8243; img_size=\u00bbfull\u00bb alignment=\u00bbcenter\u00bb style=\u00bbvc_box_rounded\u00bb css_animation=\u00bbright-to-left\u00bb][vc_custom_heading text=\u00bbHaz visible tu negocio o empresa a miles de personas\u00bb font_container=\u00bbtag:h2|text_align:center|color:%23ffffff\u00bb google_fonts=\u00bbfont_family:PT%20Sans%3Aregular%2Citalic%2C700%2C700italic|font_style:700%20bold%20regular%3A700%3Anormal\u00bb][vc_column_text css=\u00bb.vc_custom_1473887892292{margin-bottom: 32px !important;}\u00bb]<\/p>\n<p style=\"text-align: justify;\"><span style=\"color: #ffffff;\">En Tumomo.com sabemos lo importante que es dar a conocer y hacer crecer a tu negocio.<\/span><\/p>\n<p style=\"text-align: justify;\"><span style=\"color: #ffffff;\">Es por esta raz\u00f3n que hemos dise\u00f1ado varios productos y servicios que se adaptan a las necesidades de tu negocio, para que as\u00ed puedas aumentar tus ventas gracias a los miles de clientes que nos visitan cada d\u00eda.<\/span><\/p>\n<p>[\/vc_column_text][\/vc_column][\/vc_row][vc_row][vc_column width=\u00bb1\/3&#8243;][vc_icon type=\u00bblinecons\u00bb icon_linecons=\u00bbvc_li vc_li-megaphone\u00bb color=\u00bbwhite\u00bb background_style=\u00bbrounded\u00bb background_color=\u00bbjuicy_pink\u00bb size=\u00bbxl\u00bb align=\u00bbcenter\u00bb css_animation=\u00bbappear\u00bb][vc_column_text css_animation=\u00bbappear\u00bb]<\/p>\n<p style=\"text-align: center;\"><span style=\"font-family: helvetica, arial, sans-serif;\">Da a conocer tu empresa o negocio a los m\u00e1s de 30.000 visitantes que ingresan a <a href=\"https:\/\/www.tumomo.com\" target=\"_blank\" rel=\"noopener\">Tumomo.com<\/a> cada d\u00eda<\/span>.<\/p>\n<p>[\/vc_column_text][\/vc_column][vc_column width=\u00bb1\/3&#8243;][vc_icon type=\u00bblinecons\u00bb icon_linecons=\u00bbvc_li vc_li-world\u00bb color=\u00bbwhite\u00bb background_style=\u00bbrounded\u00bb background_color=\u00bbjuicy_pink\u00bb size=\u00bbxl\u00bb align=\u00bbcenter\u00bb css_animation=\u00bbappear\u00bb][vc_column_text css_animation=\u00bbappear\u00bb]<\/p>\n<p style=\"text-align: center;\"><span style=\"font-family: helvetica, arial, sans-serif;\">Tu negocio estar\u00e1 visible las 24 horas, los 7 d\u00edas de la semana, desde cualquier lugar y dispositivo del mundo.<\/span><\/p>\n<p>[\/vc_column_text][\/vc_column][vc_column width=\u00bb1\/3&#8243;][vc_icon type=\u00bblinecons\u00bb icon_linecons=\u00bbvc_li vc_li-banknote\u00bb color=\u00bbwhite\u00bb background_style=\u00bbrounded\u00bb background_color=\u00bbjuicy_pink\u00bb size=\u00bbxl\u00bb align=\u00bbcenter\u00bb css_animation=\u00bbappear\u00bb][vc_column_text css_animation=\u00bbappear\u00bb]<\/p>\n<p style=\"text-align: center;\"><span style=\"font-family: helvetica, arial, sans-serif;\">Mientras m\u00e1s des a conocer tu producto o servicio, m\u00e1s posibilidades\u00a0tienes de aumentar tus ventas<\/span><\/p>\n<p>[\/vc_column_text][\/vc_column][\/vc_row][vc_row full_width=\u00bbstretch_row_content\u00bb css=\u00bb.vc_custom_1445346743891{background-color: #ffffff !important;}\u00bb][vc_column][vc_text_separator title=\u00bbSERVICIOS PARA EMPRESAS\u00bb color=\u00bborange\u00bb border_width=\u00bb7&#8243;][\/vc_column][\/vc_row][vc_row][vc_column][vc_column_text]<\/p>\n<p>&nbsp;<\/p>\n<p>[\/vc_column_text][\/vc_column][\/vc_row][vc_row][vc_column][vc_column_text]<\/p>\n<p>[\/vc_column_text][\/vc_column][\/vc_row][vc_row full_width=\u00bbstretch_row\u00bb css=\u00bb.vc_custom_1445374961532{margin-top: 20px !important;background-color: #ead381 !important;}\u00bb][vc_column width=\u00bb1\/3&#8243;][vc_single_image image=\u00bb211&#8243; img_size=\u00bb200&#215;200&#8243; alignment=\u00bbcenter\u00bb onclick=\u00bbcustom_link\u00bb img_link_target=\u00bb_blank\u00bb css_animation=\u00bbappear\u00bb css=\u00bb.vc_custom_1501623458100{padding-top: 20px !important;}\u00bb link=\u00bbhttps:\/\/www.tumomo.com\/servicios\u00bb][vc_column_text]<span style=\"color: #000080;\">Membres\u00eda Empresarial:<\/span>\u00a0Descubre nuestra membres\u00eda empresarial y sus beneficios en\u00a0Tumomo.com.<\/p>\n<p>[\/vc_column_text][\/vc_column][vc_column width=\u00bb1\/3&#8243;][vc_single_image image=\u00bb210&#8243; img_size=\u00bb200&#215;200&#8243; alignment=\u00bbcenter\u00bb onclick=\u00bbcustom_link\u00bb img_link_target=\u00bb_blank\u00bb css_animation=\u00bbappear\u00bb css=\u00bb.vc_custom_1501623468046{margin-top: 20px !important;}\u00bb link=\u00bbhttps:\/\/www.tumomo.com\/servicios\/\u00bb][vc_column_text]<span style=\"color: #000080;\">Banners Publicitarios:\u00a0<\/span>Aprovecha el tr\u00e1fico de Tumomo.com y nuestros espacio de publicidad, para aumentar la exposici\u00f3n de tu marca.[\/vc_column_text][\/vc_column][vc_column width=\u00bb1\/3&#8243;][vc_single_image image=\u00bb208&#8243; img_size=\u00bb200&#215;200&#8243; alignment=\u00bbcenter\u00bb onclick=\u00bbcustom_link\u00bb img_link_target=\u00bb_blank\u00bb css_animation=\u00bbappear\u00bb css=\u00bb.vc_custom_1501623477711{margin-top: 20px !important;}\u00bb link=\u00bbhttps:\/\/www.tumomo.com\/servicios\/\u00bb][vc_column_text]<span style=\"color: #000080;\">Banners en lista:<\/span>\u00a0Muestra tu publicidad entre nuestros anuncios gracias a\u00a0los banners en lista y aumenta la exposici\u00f3n de tu marca.[\/vc_column_text][\/vc_column][\/vc_row][vc_row full_width=\u00bbstretch_row\u00bb css=\u00bb.vc_custom_1445374961532{margin-top: 0px !important;background-color: #ead381 !important;}\u00bb][vc_column width=\u00bb1\/3&#8243;][vc_single_image image=\u00bb214&#8243; img_size=\u00bb200&#215;200&#8243; alignment=\u00bbcenter\u00bb onclick=\u00bbcustom_link\u00bb img_link_target=\u00bb_blank\u00bb css_animation=\u00bbappear\u00bb css=\u00bb.vc_custom_1501623509179{padding-top: 20px !important;}\u00bb link=\u00bbhttps:\/\/www.tumomo.com\/servicios\/\u00bb][vc_column_text]<br \/>\n<span style=\"color: #000080;\">Prioridad:<\/span>\u00a0Tus anuncios nunca pasar\u00e1n desapercibidos con nuestra prioridad, porque siempre estar\u00e1n en las primeras posiciones aumentando as\u00ed tus oportunidades de vender m\u00e1s.<\/p>\n<p>[\/vc_column_text][\/vc_column][vc_column width=\u00bb1\/3&#8243;][\/vc_column][\/vc_row][vc_row][vc_column][vc_column_text]<\/p>\n<p>[\/vc_column_text][\/vc_column][\/vc_row]<\/p>\n<\/section>","protected":false},"excerpt":{"rendered":"<p>[vc_row full_width=\u00bbstretch_row\u00bb css=\u00bb.vc_custom_1445354731518{background-color: #dd3333 !important;}\u00bb][vc_column][vc_single_image image=\u00bb892&#8243; img_size=\u00bbfull\u00bb alignment=\u00bbcenter\u00bb style=\u00bbvc_box_rounded\u00bb css_animation=\u00bbright-to-left\u00bb][vc_custom_heading text=\u00bbHaz visible tu negocio o empresa a miles de personas\u00bb font_container=\u00bbtag:h2|text_align:center|color:%23ffffff\u00bb google_fonts=\u00bbfont_family:PT%20Sans%3Aregular%2Citalic%2C700%2C700italic|font_style:700%20bold%20regular%3A700%3Anormal\u00bb][vc_column_text css=\u00bb.vc_custom_1473887892292{margin-bottom: 32px !important;}\u00bb] En Tumomo.com sabemos lo importante que es dar a conocer y hacer crecer a tu negocio. Es por esta raz\u00f3n que hemos dise\u00f1ado varios productos y servicios que se adaptan [&hellip;]<\/p>\n","protected":false},"author":1,"featured_media":0,"parent":0,"menu_order":0,"comment_status":"closed","ping_status":"closed","template":"","meta":{"footnotes":""},"_links":{"self":[{"href":"https:\/\/www.tumomo.com\/servicios\/wp-json\/wp\/v2\/pages\/185"}],"collection":[{"href":"https:\/\/www.tumomo.com\/servicios\/wp-json\/wp\/v2\/pages"}],"about":[{"href":"https:\/\/www.tumomo.com\/servicios\/wp-json\/wp\/v2\/types\/page"}],"author":[{"embeddable":true,"href":"https:\/\/www.tumomo.com\/servicios\/wp-json\/wp\/v2\/users\/1"}],"replies":[{"embeddable":true,"href":"https:\/\/www.tumomo.com\/servicios\/wp-json\/wp\/v2\/comments?post=185"}],"version-history":[{"count":44,"href":"https:\/\/www.tumomo.com\/servicios\/wp-json\/wp\/v2\/pages\/185\/revisions"}],"predecessor-version":[{"id":1395,"href":"https:\/\/www.tumomo.com\/servicios\/wp-json\/wp\/v2\/pages\/185\/revisions\/1395"}],"wp:attachment":[{"href":"https:\/\/www.tumomo.com\/servicios\/wp-json\/wp\/v2\/media?parent=185"}],"curies":[{"name":"wp","href":"https:\/\/api.w.org\/{rel}","templated":true}]}}