{"id":1131,"date":"2018-04-23T19:51:40","date_gmt":"2018-04-23T19:51:40","guid":{"rendered":"https:\/\/www.tumomo.com\/servicios\/?page_id=1131"},"modified":"2018-05-29T15:13:06","modified_gmt":"2018-05-29T15:13:06","slug":"banners-en-lista","status":"publish","type":"page","link":"https:\/\/www.tumomo.com\/servicios\/banners-en-lista\/","title":{"rendered":"Banners en lista"},"content":{"rendered":"<section class=\"wpb-content-wrapper\"><p>[vc_row][vc_column width=\u00bb2\/3&#8243;][vc_custom_heading text=\u00bbPUBLICITA TU NEGOCIO O EMPRESA CON LOS BANNERS EN LISTA.<br \/>\n\u00bb google_fonts=\u00bbfont_family:Arimo%3Aregular%2Citalic%2C700%2C700italic|font_style:700%20bold%20regular%3A700%3Anormal\u00bb][vc_column_text]Haz que nuevos clientes potenciales te encuentren mientras buscan los productos de Tumomo.[\/vc_column_text][vc_btn title=\u00bbINICIAR AHORA\u00bb color=\u00bbwarning\u00bb css_animation=\u00bbbounceIn\u00bb link=\u00bburl:https%3A%2F%2Fwww.tumomo.com%2F%3Fpage%3Dlogin|||\u00bb][\/vc_column][vc_column width=\u00bb1\/3&#8243;][vc_single_image image=\u00bb1133&#8243; img_size=\u00bb912X520&#8243;][\/vc_column][\/vc_row][vc_row full_width=\u00bbstretch_row\u00bb css=\u00bb.vc_custom_1524487909385{background-color: #f7f6f6 !important;}\u00bb][vc_column][vc_custom_heading text=\u00bb\u00bfPor qu\u00e9 usar banners en lista?\u00bb font_container=\u00bbtag:h2|text_align:center\u00bb google_fonts=\u00bbfont_family:Arimo%3Aregular%2Citalic%2C700%2C700italic|font_style:700%20bold%20regular%3A700%3Anormal\u00bb][vc_row_inner][vc_column_inner width=\u00bb1\/3&#8243;][vc_single_image image=\u00bb1139&#8243; img_size=\u00bb93&#215;92&#8243; alignment=\u00bbcenter\u00bb css_animation=\u00bbflipInX\u00bb][vc_custom_heading text=\u00bbTu marca mucho m\u00e1s visible\u00bb font_container=\u00bbtag:h2|text_align:center\u00bb google_fonts=\u00bbfont_family:Arimo%3Aregular%2Citalic%2C700%2C700italic|font_style:700%20bold%20regular%3A700%3Anormal\u00bb][vc_column_text]<\/p>\n<p style=\"text-align: center;\">Haz que tu anuncio publicitario aparezca exactamente frente a los ojos del tipo de cliente que estabas buscando. Tu marca aparecer\u00e1 en\u00a0una o m\u00e1s categor\u00edas que quieras.<\/p>\n<p>[\/vc_column_text][\/vc_column_inner][vc_column_inner width=\u00bb1\/3&#8243;][vc_single_image image=\u00bb1140&#8243; img_size=\u00bb93&#215;92&#8243; alignment=\u00bbcenter\u00bb css_animation=\u00bbflipInX\u00bb][vc_custom_heading text=\u00bbAumenta tus conversiones\u00bb font_container=\u00bbtag:h2|text_align:center\u00bb google_fonts=\u00bbfont_family:Arimo%3Aregular%2Citalic%2C700%2C700italic|font_style:700%20bold%20regular%3A700%3Anormal\u00bb][vc_column_text]<\/p>\n<p style=\"text-align: center;\">Al igual que un banner publicitario, los\u00a0<strong>Banners en Lista<\/strong>\u00a0te ayudar\u00e1n a aumentar las conversiones.\u00a0Vincula tu banner a tu sitio web y convierte a nuestros clientes en los tuyos.<\/p>\n<p>[\/vc_column_text][\/vc_column_inner][vc_column_inner width=\u00bb1\/3&#8243;][vc_single_image image=\u00bb1141&#8243; img_size=\u00bb93&#215;92&#8243; alignment=\u00bbcenter\u00bb css_animation=\u00bbflipInX\u00bb][vc_custom_heading text=\u00bbPuedes activarlas y pausarlas cuando quieras.\u00bb font_container=\u00bbtag:h2|text_align:center\u00bb google_fonts=\u00bbfont_family:Arimo%3Aregular%2Citalic%2C700%2C700italic|font_style:700%20bold%20regular%3A700%3Anormal\u00bb][vc_column_text]<\/p>\n<p style=\"text-align: center;\">Puedes iniciar, modificar o finalizar tus campa\u00f1as cuando lo desees. No hay obligaciones ni costos por cancelaci\u00f3n.<\/p>\n<p>[\/vc_column_text][\/vc_column_inner][\/vc_row_inner][\/vc_column][\/vc_row][vc_row][vc_column][vc_cta h2=\u00bb\u00bb color=\u00bborange\u00bb css_animation=\u00bbappear\u00bb]<span style=\"color: #ff6600;\"><strong>Aclaraci\u00f3n:<\/strong><\/span> Los banners en lista de <a href=\"https:\/\/www.tumomo.com\">Tumomo.com<\/a> solo pueden pagarse mediante Tumomo Cr\u00e9ditos en tu cuenta. Te recomendamos cargar cr\u00e9dito suficiente para hacer uso de los mismos[\/vc_cta][vc_empty_space][\/vc_column][\/vc_row][vc_row][vc_column width=\u00bb1\/2&#8243;][vc_single_image image=\u00bb1253&#8243; img_size=\u00bb832&#215;739&#8243;][\/vc_column][vc_column width=\u00bb1\/2&#8243;][vc_custom_heading text=\u00bbANALIZA TUS RESULTADOS\u00bb google_fonts=\u00bbfont_family:Arimo%3Aregular%2Citalic%2C700%2C700italic|font_style:700%20bold%20regular%3A700%3Anormal\u00bb][vc_column_text]Tendr\u00e1s acceso a una cuenta de estad\u00edsticas para ver a detalle los resultados de tu campa\u00f1a[\/vc_column_text][vc_custom_heading text=\u00bbMide tu presupuesto\u00bb google_fonts=\u00bbfont_family:Arimo%3Aregular%2Citalic%2C700%2C700italic|font_style:700%20bold%20regular%3A700%3Anormal\u00bb][vc_column_text]Define libremente tu presupuesto en funci\u00f3n de los objetivos que desees alcanzar.[\/vc_column_text][\/vc_column][\/vc_row][vc_row][vc_column][vc_text_separator title=\u00bb\u00bfC\u00d3MO FUNCIONA?\u00bb color=\u00bbsandy_brown\u00bb][\/vc_column][\/vc_row][vc_row][vc_column width=\u00bb1\/2&#8243;][vc_single_image image=\u00bb1228&#8243; img_size=\u00bb525&#215;344&#8243;][\/vc_column][vc_column width=\u00bb1\/2&#8243;][vc_custom_heading text=\u00bbReg\u00edstrate e inicia sesi\u00f3n\u00bb google_fonts=\u00bbfont_family:Arimo%3Aregular%2Citalic%2C700%2C700italic|font_style:700%20bold%20regular%3A700%3Anormal\u00bb][vc_column_text]Para poder crear tu\u00a0<strong>Banner en Lista,<\/strong>\u00a0el primer paso es\u00a0que te registres\u00a0en\u00a0<a href=\"https:\/\/www.tumomo.com\/\" target=\"_blank\" rel=\"noopener\">Tumomo.com<\/a>\u00a0y que luego inicies sesi\u00f3n con tu usuario y contrase\u00f1a.[\/vc_column_text][\/vc_column][\/vc_row][vc_row][vc_column][vc_empty_space][\/vc_column][\/vc_row][vc_row][vc_column width=\u00bb1\/2&#8243;][vc_single_image image=\u00bb1235&#8243; img_size=\u00bb525&#215;344&#8243;][\/vc_column][vc_column width=\u00bb1\/2&#8243;][vc_custom_heading text=\u00bbBusca la opci\u00f3n \u00abBanner en Lista\u00ab\u00bb google_fonts=\u00bbfont_family:Arimo%3Aregular%2Citalic%2C700%2C700italic|font_style:700%20bold%20regular%3A700%3Anormal\u00bb][vc_column_text]Busca la opci\u00f3n \u201c<strong>Mi cuenta<\/strong>\u201d en la parte superior derecha de la p\u00e1gina y elige la opci\u00f3n \u201c<strong>Banner en Lista<\/strong>\u201d para ingresar al apartado de creaci\u00f3n de banners.[\/vc_column_text][\/vc_column][\/vc_row][vc_row][vc_column][vc_empty_space][\/vc_column][\/vc_row][vc_row][vc_column width=\u00bb1\/2&#8243;][vc_single_image image=\u00bb1236&#8243; img_size=\u00bb525&#215;344&#8243;][\/vc_column][vc_column width=\u00bb1\/2&#8243;][vc_custom_heading text=\u00bbSube tus dise\u00f1os\u00bb google_fonts=\u00bbfont_family:Arimo%3Aregular%2Citalic%2C700%2C700italic|font_style:700%20bold%20regular%3A700%3Anormal\u00bb][vc_column_text]En este\u00a0paso para crear tu\u00a0Banner en Lista, debes subir el dise\u00f1o para la versi\u00f3n web\u00a0y la versi\u00f3n m\u00f3vil (<em>En caso de que utilices ambos<\/em>)<\/p>\n<ul>\n<li><strong>Tama\u00f1o versi\u00f3n web:<\/strong>\u00a0945 pixeles por 150 pixeles<\/li>\n<li><strong>Tama\u00f1o versi\u00f3n m\u00f3vil:<\/strong>\u00a0470 pixeles por 150 pixeles<\/li>\n<\/ul>\n<p>[\/vc_column_text][\/vc_column][\/vc_row][vc_row][vc_column][vc_empty_space][\/vc_column][\/vc_row][vc_row][vc_column width=\u00bb1\/2&#8243;][vc_single_image image=\u00bb1237&#8243; img_size=\u00bb525&#215;344&#8243;][\/vc_column][vc_column width=\u00bb1\/2&#8243;][vc_custom_heading text=\u00bbColoca los datos de la campa\u00f1a\u00bb google_fonts=\u00bbfont_family:Arimo%3Aregular%2Citalic%2C700%2C700italic|font_style:700%20bold%20regular%3A700%3Anormal\u00bb][vc_column_text]Coloca el t\u00edtulo de la campa\u00f1a, selecciona el paquete de cr\u00e9ditos que necesitas para la campa\u00f1a, coloca el link donde enviar\u00e1 a m\u00e1s informaci\u00f3n el banners de tu publicidad.<\/p>\n<p>[\/vc_column_text][\/vc_column][\/vc_row][vc_row][vc_column][vc_empty_space][\/vc_column][\/vc_row][vc_row][vc_column width=\u00bb1\/2&#8243;][vc_single_image image=\u00bb1239&#8243; img_size=\u00bb525&#215;344&#8243;][\/vc_column][vc_column width=\u00bb1\/2&#8243;][vc_custom_heading text=\u00bbActiva tu campa\u00f1a con cr\u00e9ditos\u00bb google_fonts=\u00bbfont_family:Arimo%3Aregular%2Citalic%2C700%2C700italic|font_style:700%20bold%20regular%3A700%3Anormal\u00bb][vc_column_text]<strong>Tu Banner en Lista ya ha sido creado<\/strong>, ahora deber\u00e1s ir a tu cuenta, ingresar a \u201cBanner en Lista\u201d y activarlo haciendo clic en \u201cAcciones\u201d y luego en \u201cActivar con cr\u00e9dito\u201d.<\/p>\n<p><strong>Recuerda que los Banner en Lista solo se pueden utilizar con Tumomo Cr\u00e9ditos,<\/strong>\u00a0por eso te recomendamos, cargar cr\u00e9dito a tu cuenta, antes de crear el banner.<\/p>\n<p>[\/vc_column_text][\/vc_column][\/vc_row][vc_row][vc_column][vc_empty_space][\/vc_column][\/vc_row][vc_row full_width=\u00bbstretch_row\u00bb css=\u00bb.vc_custom_1524076927488{background-image: url(https:\/\/www.tumomo.com\/servicios\/wp-content\/uploads\/2018\/04\/Banners-lista.jpg?id=1157) !important;}\u00bb][vc_column][vc_custom_heading text=\u00bbPROMOCIONA TU EMPPRESA A NIVEL NACIONAL\u00bb font_container=\u00bbtag:h2|text_align:center\u00bb google_fonts=\u00bbfont_family:Arimo%3Aregular%2Citalic%2C700%2C700italic|font_style:700%20bold%20regular%3A700%3Anormal\u00bb][vc_column_text]<\/p>\n<p style=\"text-align: center;\">Gracias a las m\u00e1s de 30.000 vis\u00edtas que tiene Tumomo en toda Bolivia la publicidad de tu empresa<br \/>\nse podr\u00e1 ver por todos lados.<\/p>\n<p>[\/vc_column_text][\/vc_column][\/vc_row][vc_row][vc_column][vc_column_text]<\/p>\n<p style=\"text-align: center;\">Para publicar tus banners en lista debes ingresar a tu cuenta, si a\u00fan no est\u00e1s registrado puedes hacerlo ahora mismo.<\/p>\n<p>[\/vc_column_text][vc_btn title=\u00bbCREAR BANNERS\u00bb color=\u00bbdanger\u00bb align=\u00bbcenter\u00bb link=\u00bburl:https%3A%2F%2Fwww.tumomo.com%2F%3Fpage%3Dbanner%26action%3Dsblbu|||\u00bb][vc_btn title=\u00bbREGISTRATE\u00bb color=\u00bbgreen\u00bb align=\u00bbcenter\u00bb link=\u00bburl:https%3A%2F%2Fwww.tumomo.com%2F%3Fpage%3Dreg%26hw_pay_plan%3DSUB_STAND%26SELLER%3D1|||\u00bb][\/vc_column][\/vc_row]<\/p>\n<\/section>","protected":false},"excerpt":{"rendered":"<p>[vc_row][vc_column width=\u00bb2\/3&#8243;][vc_custom_heading text=\u00bbPUBLICITA TU NEGOCIO O EMPRESA CON LOS BANNERS EN LISTA. \u00bb google_fonts=\u00bbfont_family:Arimo%3Aregular%2Citalic%2C700%2C700italic|font_style:700%20bold%20regular%3A700%3Anormal\u00bb][vc_column_text]Haz que nuevos clientes potenciales te encuentren mientras buscan los productos de Tumomo.[\/vc_column_text][vc_btn title=\u00bbINICIAR AHORA\u00bb color=\u00bbwarning\u00bb css_animation=\u00bbbounceIn\u00bb link=\u00bburl:https%3A%2F%2Fwww.tumomo.com%2F%3Fpage%3Dlogin|||\u00bb][\/vc_column][vc_column width=\u00bb1\/3&#8243;][vc_single_image image=\u00bb1133&#8243; img_size=\u00bb912X520&#8243;][\/vc_column][\/vc_row][vc_row full_width=\u00bbstretch_row\u00bb css=\u00bb.vc_custom_1524487909385{background-color: #f7f6f6 !important;}\u00bb][vc_column][vc_custom_heading text=\u00bb\u00bfPor qu\u00e9 usar banners en lista?\u00bb font_container=\u00bbtag:h2|text_align:center\u00bb google_fonts=\u00bbfont_family:Arimo%3Aregular%2Citalic%2C700%2C700italic|font_style:700%20bold%20regular%3A700%3Anormal\u00bb][vc_row_inner][vc_column_inner width=\u00bb1\/3&#8243;][vc_single_image image=\u00bb1139&#8243; img_size=\u00bb93&#215;92&#8243; alignment=\u00bbcenter\u00bb css_animation=\u00bbflipInX\u00bb][vc_custom_heading text=\u00bbTu marca mucho m\u00e1s [&hellip;]<\/p>\n","protected":false},"author":1,"featured_media":0,"parent":0,"menu_order":0,"comment_status":"closed","ping_status":"closed","template":"","meta":{"footnotes":""},"_links":{"self":[{"href":"https:\/\/www.tumomo.com\/servicios\/wp-json\/wp\/v2\/pages\/1131"}],"collection":[{"href":"https:\/\/www.tumomo.com\/servicios\/wp-json\/wp\/v2\/pages"}],"about":[{"href":"https:\/\/www.tumomo.com\/servicios\/wp-json\/wp\/v2\/types\/page"}],"author":[{"embeddable":true,"href":"https:\/\/www.tumomo.com\/servicios\/wp-json\/wp\/v2\/users\/1"}],"replies":[{"embeddable":true,"href":"https:\/\/www.tumomo.com\/servicios\/wp-json\/wp\/v2\/comments?post=1131"}],"version-history":[{"count":64,"href":"https:\/\/www.tumomo.com\/servicios\/wp-json\/wp\/v2\/pages\/1131\/revisions"}],"predecessor-version":[{"id":2081,"href":"https:\/\/www.tumomo.com\/servicios\/wp-json\/wp\/v2\/pages\/1131\/revisions\/2081"}],"wp:attachment":[{"href":"https:\/\/www.tumomo.com\/servicios\/wp-json\/wp\/v2\/media?parent=1131"}],"curies":[{"name":"wp","href":"https:\/\/api.w.org\/{rel}","templated":true}]}}