{"id":1047,"date":"2018-04-19T15:08:53","date_gmt":"2018-04-19T15:08:53","guid":{"rendered":"https:\/\/www.tumomo.com\/servicios\/?page_id=1047"},"modified":"2019-11-27T17:30:15","modified_gmt":"2019-11-27T17:30:15","slug":"banners-publicitarios","status":"publish","type":"page","link":"https:\/\/www.tumomo.com\/servicios\/banners-publicitarios\/","title":{"rendered":"Banners Publicitarios"},"content":{"rendered":"<section class=\"wpb-content-wrapper\"><p>[vc_row][vc_column width=\u00bb2\/3&#8243;][vc_custom_heading text=\u00bbAPROVECHA EL TR\u00c1FICO DE TUMOMO\u00bb google_fonts=\u00bbfont_family:Arimo%3Aregular%2Citalic%2C700%2C700italic|font_style:700%20bold%20regular%3A700%3Anormal\u00bb][vc_column_text]<span style=\"font-size: 18pt;\">Aumenta la exposici\u00f3n de tu marca, utilizando nuestros espacios publicitarios.<\/span>[\/vc_column_text][vc_btn title=\u00bbCONT\u00c1CTANOS\u00bb color=\u00bbgreen\u00bb css_animation=\u00bbfadeInLeftBig\u00bb link=\u00bburl:https%3A%2F%2Fwww.tumomo.com%2F%3Fpage%3Dfeedback|||\u00bb][\/vc_column][vc_column width=\u00bb1\/3&#8243;][vc_line_chart][\/vc_column][\/vc_row][vc_row full_width=\u00bbstretch_row\u00bb css=\u00bb.vc_custom_1524600244440{background-color: #ffffff !important;}\u00bb][vc_column][vc_custom_heading text=\u00bb\u00bfQu\u00e9 es un banner?\u00bb google_fonts=\u00bbfont_family:Arimo%3Aregular%2Citalic%2C700%2C700italic|font_style:700%20bold%20regular%3A700%3Anormal\u00bb][vc_row_inner][vc_column_inner][vc_column_text]La publicidad en banners o \u2018banderas\u2019 es un anuncio insertado en una p\u00e1gina web; anuncio normalmente rectangular colocado arriba, abajo o en los lados del contenido principal de un sitio web y que enlaza con el sitio web del anunciante; adem\u00e1s, por su costo-beneficio, muchas empresas lo usan como publicidad equivalente a una valla publicitaria com\u00fan en una avenida o autopista, pero en este caso, en un sitio web.[\/vc_column_text][\/vc_column_inner][\/vc_row_inner][\/vc_column][\/vc_row][vc_row full_width=\u00bbstretch_row\u00bb css=\u00bb.vc_custom_1523906473574{background-color: #f9f9f9 !important;}\u00bb][vc_column][vc_custom_heading text=\u00bb\u00bfPor qu\u00e9 realizar campa\u00f1as con los banners de Tumomo?\u00bb font_container=\u00bbtag:h2|text_align:center\u00bb google_fonts=\u00bbfont_family:Arimo%3Aregular%2Citalic%2C700%2C700italic|font_style:700%20bold%20regular%3A700%3Anormal\u00bb][vc_column_text]<\/p>\n<p style=\"text-align: center;\">Simple, tu producto o servicio ofrecido, aumenta las posibilidades de encontrar nuevos clientes.<\/p>\n<p>[\/vc_column_text][vc_empty_space][vc_row_inner][vc_column_inner width=\u00bb1\/4&#8243;][vc_empty_space][vc_single_image image=\u00bb1053&#8243; alignment=\u00bbcenter\u00bb][\/vc_column_inner][vc_column_inner width=\u00bb3\/4&#8243;][vc_custom_heading text=\u00bbAUMENTA EL N\u00daMERO DE VISITAS EN TU SITIO WEB\u00bb google_fonts=\u00bbfont_family:Arimo%3Aregular%2Citalic%2C700%2C700italic|font_style:700%20bold%20regular%3A700%3Anormal\u00bb][vc_column_text]Puedes redireccionar nuestro tr\u00e1fico a cualquier p\u00e1gina de tu sitio web, obt\u00e9n un <em><strong>informe mensual de las estad\u00edsticas<\/strong> <\/em>de tu publicidad.[\/vc_column_text][\/vc_column_inner][\/vc_row_inner][vc_row_inner][vc_column_inner width=\u00bb1\/4&#8243;][vc_single_image image=\u00bb1054&#8243; alignment=\u00bbcenter\u00bb][\/vc_column_inner][vc_column_inner width=\u00bb3\/4&#8243;][vc_custom_heading text=\u00bbALCANCE A NIVEL NACIONAL\u00bb google_fonts=\u00bbfont_family:Arimo%3Aregular%2Citalic%2C700%2C700italic|font_style:700%20bold%20regular%3A700%3Anormal\u00bb][vc_column_text]Gracias al gran alcance que <a href=\"https:\/\/www.tumomo.com\">Tumomo.com <\/a>tienen a nivel nacional te asegura\u00a0 una gran cantidad de clic en tu banner publicitario por d\u00edas.[\/vc_column_text][\/vc_column_inner][\/vc_row_inner][vc_row_inner][vc_column_inner width=\u00bb1\/4&#8243;][vc_single_image image=\u00bb1175&#8243; alignment=\u00bbcenter\u00bb][\/vc_column_inner][vc_column_inner width=\u00bb3\/4&#8243;][vc_custom_heading text=\u00bbPUBLICIDAD EN WEB Y M\u00d3VIL\u00bb google_fonts=\u00bbfont_family:Arimo%3Aregular%2Citalic%2C700%2C700italic|font_style:700%20bold%20regular%3A700%3Anormal\u00bb][vc_column_text]Ya sea un producto o un servicio en concreto lo que est\u00e9s ofreciendo, al iniciar una campa\u00f1a con banners en Tumomo aumentas tus posibilidades de encontrar nuevos clientes, tu publicidad estar\u00e1 disponible tanto en <em><strong>web como en la m\u00f3vil<\/strong><\/em>.[\/vc_column_text][\/vc_column_inner][\/vc_row_inner][\/vc_column][\/vc_row][vc_row full_width=\u00bbstretch_row\u00bb css=\u00bb.vc_custom_1524596227554{background-color: #ffffff !important;}\u00bb][vc_column][vc_custom_heading text=\u00bb\u00bfCuales son los tama\u00f1os de los banners?\u00bb font_container=\u00bbtag:h2|text_align:center\u00bb google_fonts=\u00bbfont_family:Arimo%3Aregular%2Citalic%2C700%2C700italic|font_style:700%20bold%20regular%3A700%3Anormal\u00bb][vc_column_text]<\/p>\n<p style=\"text-align: center;\">A continuaci\u00f3n puedes ver los tama\u00f1os para web y m\u00f3vil de todos nuestros espacios de banners,<\/p>\n<p style=\"text-align: center;\">haz clic en <em><strong>ver posici\u00f3n<\/strong><\/em> para ver m\u00e1s detalle.<\/p>\n<p>[\/vc_column_text][vc_empty_space][vc_row_inner][vc_column_inner width=\u00bb1\/2&#8243;][vc_single_image image=\u00bb1299&#8243; img_size=\u00bb550&#215;722&#8243; alignment=\u00bbcenter\u00bb][\/vc_column_inner][vc_column_inner width=\u00bb1\/2&#8243;][vc_custom_heading text=\u00bbBanners en p\u00e1gina principal de Tumomo\u00bb google_fonts=\u00bbfont_family:Arimo%3Aregular%2Citalic%2C700%2C700italic|font_style:700%20bold%20regular%3A700%3Anormal\u00bb][vc_column_text]<span style=\"font-size: 14pt;\"><em><strong>Banners\u00a0 slider<\/strong><\/em><\/span><\/p>\n<ul>\n<li><strong>Slider web:<\/strong>\u00a01110 pixeles por 255 pixeles<\/li>\n<li><strong>Slider m\u00f3vil:<\/strong>\u00a0500 pixeles por 210 pixeles<\/li>\n<\/ul>\n<p><span style=\"font-size: 14pt;\"><em><strong>Banners Centrales<\/strong><\/em><\/span><\/p>\n<ul>\n<li><strong>Central web:<\/strong>\u00a0555 pixeles por 150 pixeles<\/li>\n<li><strong>Central m\u00f3vil:<\/strong>\u00a0555 pixeles por 150 pixeles<\/li>\n<\/ul>\n<p><span style=\"font-size: 14pt;\"><em><strong>Banner en lista<\/strong><\/em><\/span><\/p>\n<ul>\n<li><strong>Banner en lista web:<\/strong>\u00a0945 pixeles por 150 pixeles<\/li>\n<li><strong>Banner en lista m\u00f3vil:<\/strong>\u00a0470 pixeles por 150 pixeles<\/li>\n<\/ul>\n<p><span style=\"font-size: 14pt;\"><em><strong>Banners Pie<\/strong><\/em><\/span><\/p>\n<ul>\n<li><strong>Web:<\/strong>\u00a0555 pixeles por 150 pixeles<\/li>\n<li><strong>M\u00f3vil:<\/strong>\u00a0555 pixeles por 150 pixeles<\/li>\n<\/ul>\n<p>[\/vc_column_text][\/vc_column_inner][\/vc_row_inner][vc_row_inner][vc_column_inner width=\u00bb1\/2&#8243;][vc_single_image image=\u00bb1293&#8243; img_size=\u00bb550&#215;722&#8243; alignment=\u00bbcenter\u00bb][\/vc_column_inner][vc_column_inner width=\u00bb1\/2&#8243;][vc_custom_heading text=\u00bbBanners en categor\u00edas de Tumomo\u00bb google_fonts=\u00bbfont_family:Arimo%3Aregular%2Citalic%2C700%2C700italic|font_style:700%20bold%20regular%3A700%3Anormal\u00bb][vc_column_text]<\/p>\n<p><em><strong>Banner cabecera, categor\u00eda:\u00a0<\/strong><\/em><\/p>\n<ul>\n<li><strong>Web:<\/strong> 945pixeles por 150 pixeles<\/li>\n<li><strong>M\u00f3vil:<\/strong>\u00a0470 pixeles por 150 pixeles<\/li>\n<\/ul>\n<p><em><strong>Banners Centrales<\/strong><\/em><\/p>\n<ul>\n<li><strong>Central <\/strong>\u00a0470 pixeles por 150 pixeles<\/li>\n<\/ul>\n<p><em><strong>Banner en lista<\/strong><\/em><\/p>\n<ul>\n<li><strong>Banner en lista web:<\/strong>\u00a0945 pixeles por 150 pixeles<\/li>\n<li><strong>Banner en lista m\u00f3vil:<\/strong>\u00a0470 pixeles por 150 pixeles<\/li>\n<\/ul>\n<p><em><strong>Banners Pie<\/strong><\/em><\/p>\n<ul>\n<li><strong>Web:<\/strong>\u00a0470pixeles por 150 pixeles<\/li>\n<li><strong>M\u00f3vil:<\/strong>\u00a0470pixeles por 150 pixeles<\/li>\n<\/ul>\n<p>[\/vc_column_text][\/vc_column_inner][\/vc_row_inner][vc_row_inner][vc_column_inner width=\u00bb1\/2&#8243;][vc_single_image image=\u00bb1296&#8243; img_size=\u00bb525&#215;432&#8243; alignment=\u00bbcenter\u00bb][\/vc_column_inner][vc_column_inner width=\u00bb1\/2&#8243;][vc_custom_heading text=\u00bbBanner en detalle del anuncio\u00bb google_fonts=\u00bbfont_family:Arimo%3Aregular%2Citalic%2C700%2C700italic|font_style:700%20bold%20regular%3A700%3Anormal\u00bb][vc_column_text]<\/p>\n<p><em><strong>Banners\u00a0 slider<\/strong><\/em><\/p>\n<ul>\n<li><strong>Slider web:<\/strong> 945 pixeles por 150 pixeles<\/li>\n<\/ul>\n<p>[\/vc_column_text][\/vc_column_inner][\/vc_row_inner][\/vc_column][\/vc_row][vc_row][vc_column][vc_custom_heading text=\u00bbCont\u00e1ctanos para m\u00e1s informaci\u00f3n\u00bb font_container=\u00bbtag:h2|text_align:center\u00bb google_fonts=\u00bbfont_family:Arimo%3Aregular%2Citalic%2C700%2C700italic|font_style:700%20bold%20regular%3A700%3Anormal\u00bb][vc_column_text]<\/p>\n<p style=\"text-align: center;\">Gracias a tus datos nos comunicaremos y ampliaremos la informaci\u00f3n.<\/p>\n<p>[\/vc_column_text][\/vc_column][\/vc_row][vc_row][vc_column width=\u00bb1\/2&#8243;]\n<div class=\"wpcf7 no-js\" id=\"wpcf7-f4-o1\" lang=\"es-ES\" dir=\"ltr\">\n<div class=\"screen-reader-response\"><p role=\"status\" aria-live=\"polite\" aria-atomic=\"true\"><\/p> <ul><\/ul><\/div>\n<form action=\"\/servicios\/wp-json\/wp\/v2\/pages\/1047#wpcf7-f4-o1\" method=\"post\" class=\"wpcf7-form init\" aria-label=\"Formulario de contacto\" novalidate=\"novalidate\" data-status=\"init\">\n<div style=\"display: none;\">\n<input type=\"hidden\" name=\"_wpcf7\" value=\"4\" \/>\n<input type=\"hidden\" name=\"_wpcf7_version\" value=\"5.8.1\" \/>\n<input type=\"hidden\" name=\"_wpcf7_locale\" value=\"es_ES\" \/>\n<input type=\"hidden\" name=\"_wpcf7_unit_tag\" value=\"wpcf7-f4-o1\" \/>\n<input type=\"hidden\" name=\"_wpcf7_container_post\" value=\"0\" \/>\n<input type=\"hidden\" name=\"_wpcf7_posted_data_hash\" value=\"\" \/>\n<\/div>\n<p><label for=\"name\">Nombre (requerido):<\/label><br \/>\n<span class=\"wpcf7-form-control-wrap\" data-name=\"your-name\"><input size=\"40\" class=\"wpcf7-form-control wpcf7-text wpcf7-validates-as-required\" aria-required=\"true\" aria-invalid=\"false\" value=\"\" type=\"text\" name=\"your-name\" \/><\/span>\n<\/p>\n<p><label for=\"email\">Correo electr\u00f3nico (requerido):<\/label><br \/>\n<span class=\"wpcf7-form-control-wrap\" data-name=\"your-email\"><input size=\"40\" class=\"wpcf7-form-control wpcf7-email wpcf7-validates-as-required wpcf7-text wpcf7-validates-as-email\" aria-required=\"true\" aria-invalid=\"false\" value=\"\" type=\"email\" name=\"your-email\" \/><\/span>\n<\/p>\n<p><label for=\"telefono\">Tel\u00e9fono:<\/label><br \/>\n<span class=\"wpcf7-form-control-wrap\" data-name=\"tel-33\"><input size=\"40\" class=\"wpcf7-form-control wpcf7-tel wpcf7-validates-as-required wpcf7-text wpcf7-validates-as-tel\" aria-required=\"true\" aria-invalid=\"false\" value=\"\" type=\"tel\" name=\"tel-33\" \/><\/span>\n<\/p>\n<p><label for=\"message\">Mensaje:<\/label><br \/>\n<span class=\"wpcf7-form-control-wrap\" data-name=\"your-message\"><textarea cols=\"40\" rows=\"10\" class=\"wpcf7-form-control wpcf7-textarea\" aria-invalid=\"false\" name=\"your-message\"><\/textarea><\/span>\n<\/p>\n<p><input class=\"wpcf7-form-control wpcf7-submit has-spinner\" type=\"submit\" value=\"Enviar\" \/>\n<\/p><input type='hidden' class='wpcf7-pum' value='{\"closepopup\":false,\"closedelay\":0,\"openpopup\":false,\"openpopup_id\":0}' \/><div class=\"wpcf7-response-output\" aria-hidden=\"true\"><\/div>\n<\/form>\n<\/div>\n[\/vc_column][vc_column width=\u00bb1\/2&#8243;][vc_column_text]<\/p>\n<p style=\"text-align: center;\">O puedes comunicarte con nosotros para brindarte m\u00e1s informaci\u00f3n<\/p>\n<p>[\/vc_column_text][vc_single_image image=\u00bb1261&#8243; img_size=\u00bb372&#215;73&#8243; alignment=\u00bbcenter\u00bb onclick=\u00bbcustom_link\u00bb img_link_target=\u00bb_blank\u00bb link=\u00bbhttps:\/\/api.whatsapp.com\/send?phone=59170911111&amp;text=Hola%20estoy%20interesado%20en%20adquirir%20un%20espacio%20de%20banners\u00bb][vc_column_text]<\/p>\n<p style=\"text-align: center;\">*Asistencia telef\u00f3nica o por WhatsApp:<\/p>\n<p style=\"text-align: center;\">Lunes a viernes, 8:30 a 18:30 y s\u00e1bados de 8:30 a 12:30<\/p>\n<p>[\/vc_column_text][\/vc_column][\/vc_row]<\/p>\n<\/section>","protected":false},"excerpt":{"rendered":"<p>[vc_row][vc_column width=\u00bb2\/3&#8243;][vc_custom_heading text=\u00bbAPROVECHA EL TR\u00c1FICO DE TUMOMO\u00bb google_fonts=\u00bbfont_family:Arimo%3Aregular%2Citalic%2C700%2C700italic|font_style:700%20bold%20regular%3A700%3Anormal\u00bb][vc_column_text]Aumenta la exposici\u00f3n de tu marca, utilizando nuestros espacios publicitarios.[\/vc_column_text][vc_btn title=\u00bbCONT\u00c1CTANOS\u00bb color=\u00bbgreen\u00bb css_animation=\u00bbfadeInLeftBig\u00bb link=\u00bburl:https%3A%2F%2Fwww.tumomo.com%2F%3Fpage%3Dfeedback|||\u00bb][\/vc_column][vc_column width=\u00bb1\/3&#8243;][vc_line_chart][\/vc_column][\/vc_row][vc_row full_width=\u00bbstretch_row\u00bb css=\u00bb.vc_custom_1524600244440{background-color: #ffffff !important;}\u00bb][vc_column][vc_custom_heading text=\u00bb\u00bfQu\u00e9 es un banner?\u00bb google_fonts=\u00bbfont_family:Arimo%3Aregular%2Citalic%2C700%2C700italic|font_style:700%20bold%20regular%3A700%3Anormal\u00bb][vc_row_inner][vc_column_inner][vc_column_text]La publicidad en banners o \u2018banderas\u2019 es un anuncio insertado en una p\u00e1gina web; anuncio normalmente rectangular colocado arriba, abajo o en los lados del [&hellip;]<\/p>\n","protected":false},"author":1,"featured_media":0,"parent":0,"menu_order":0,"comment_status":"closed","ping_status":"closed","template":"","meta":{"footnotes":""},"_links":{"self":[{"href":"https:\/\/www.tumomo.com\/servicios\/wp-json\/wp\/v2\/pages\/1047"}],"collection":[{"href":"https:\/\/www.tumomo.com\/servicios\/wp-json\/wp\/v2\/pages"}],"about":[{"href":"https:\/\/www.tumomo.com\/servicios\/wp-json\/wp\/v2\/types\/page"}],"author":[{"embeddable":true,"href":"https:\/\/www.tumomo.com\/servicios\/wp-json\/wp\/v2\/users\/1"}],"replies":[{"embeddable":true,"href":"https:\/\/www.tumomo.com\/servicios\/wp-json\/wp\/v2\/comments?post=1047"}],"version-history":[{"count":97,"href":"https:\/\/www.tumomo.com\/servicios\/wp-json\/wp\/v2\/pages\/1047\/revisions"}],"predecessor-version":[{"id":2082,"href":"https:\/\/www.tumomo.com\/servicios\/wp-json\/wp\/v2\/pages\/1047\/revisions\/2082"}],"wp:attachment":[{"href":"https:\/\/www.tumomo.com\/servicios\/wp-json\/wp\/v2\/media?parent=1047"}],"curies":[{"name":"wp","href":"https:\/\/api.w.org\/{rel}","templated":true}]}}